{"id":545,"date":"2024-02-02T10:49:02","date_gmt":"2024-02-02T09:49:02","guid":{"rendered":"https:\/\/www.strasbourg-ecologie.org\/?page_id=545"},"modified":"2025-01-19T11:13:39","modified_gmt":"2025-01-19T10:13:39","slug":"lecture","status":"publish","type":"page","link":"https:\/\/www.strasbourg-ecologie.org\/?page_id=545","title":{"rendered":"Lectures"},"content":{"rendered":"\n<h1 class=\"wp-block-heading has-black-color has-text-color has-link-color wp-elements-9e244ff469b8e31bc3da5f3dd25ec4b0\"><a href=\"https:\/\/www.strasbourg-ecologie.org\/?p=541\">Une Histoire Politique de L\u2019Alimentation du Pal\u00e9olithique \u00e0 nos jours<\/a><\/h1>\n\n\n\n<p class=\"has-black-color has-text-color has-link-color wp-elements-9893e97823fdb19aa3f4dd9826993c45\"><a href=\"https:\/\/www.strasbourg-ecologie.org\/?p=541\"><time datetime=\"2025-01-18T20:59:24+01:00\">18 janvier 2025<\/time><\/a>&nbsp;<a href=\"https:\/\/www.strasbourg-ecologie.org\/wp-admin\/post.php?post=541&amp;action=edit\">Modifier<\/a><\/p>\n\n\n\n<p><strong>Par Paul Ari\u00e8s<\/strong><\/p>\n\n\n\n<p>Pr\u00e9sentation de l&rsquo;\u00e9diteur<\/p>\n\n\n\n<p>\u00ab\u00a0Pourquoi l&rsquo;alimentations est \u00e0 l&rsquo;origine des bien communs de l&rsquo;humanit\u00e9? Comment les puissants, avec les rituels de la table et les politiques alimentaires, sont parvenus \u00e0 construire l'(in)\u00e9galit\u00e9 des humains&#8230;&#8230;<\/p>\n\n\n\n<p> Au-del\u00e0 des histoires sociale, religieuse, culturelle, de l\u2019alimentation, l\u2019auteur retrace son histoire politique, jamais trait\u00e9 \u00e0 ce jour&#8230;..\u00a0\u00bb<\/p>\n\n\n\n<p>Edition Max Milo 24\u20ac90<\/p>\n\n\n\n<p><\/p>\n\n\n\n<p><\/p>\n\n\n\n<h1 class=\"wp-block-heading\">Silence dans les champs<\/h1>\n\n\n\n<p><strong>De Nicolas Legendre<\/strong><\/p>\n\n\n\n<p>Pris Albert Londres 2023<\/p>\n\n\n\n<figure class=\"wp-block-image\"><img loading=\"lazy\" decoding=\"async\" width=\"595\" height=\"700\" src=\"https:\/\/www.strasbourg-ecologie.org\/wp-content\/uploads\/2024\/02\/image-2.png\" alt=\"\" class=\"wp-image-499\" srcset=\"https:\/\/www.strasbourg-ecologie.org\/wp-content\/uploads\/2024\/02\/image-2.png 595w, https:\/\/www.strasbourg-ecologie.org\/wp-content\/uploads\/2024\/02\/image-2-255x300.png 255w\" sizes=\"auto, (max-width: 595px) 100vw, 595px\" \/><\/figure>\n\n\n\n<h2 class=\"wp-block-heading\">Le scandale \u00e9olien<\/h2>\n\n\n\n<p>Antoine WAECHTER<\/p>\n\n\n\n<p>L\u2019image d\u2019une \u00e9nergie propre capable de remplacer le nucl\u00e9aire et utile dans la lutte contre le r\u00e9chauffement climatique, entretenue par les partisans de l\u2019\u00e9olien, est un mythe qui justifie de coloniser le territoire sans aucun encadrement public. Les a\u00e9rog\u00e9n\u00e9rateurs investissent dor\u00e9navant tout le pays avec des machines monstrueuses de plus de 200 m\u00e8res de hauteur, d\u00e9naturant les plus beaux territoires et d\u00e9gradant le cadre de vie de milliers de personnes. L\u2019\u00e9tat prot\u00e8ge les sp\u00e9culateurs du vent contre les citoyens qu\u2019il est cens\u00e9 prot\u00e9ger, par le d\u00e9mant\u00e8lement progressif du droit de l\u2019environnement et le recul de la d\u00e9mocratie.<\/p>\n\n\n\n<p><em>Antoine Weachter est ing\u00e9nieur \u00e9cologue, directeur d\u2019un cabinet de consultants en environnement. Engag\u00e9 d\u00e8s l\u2019age de 16 ans en faveur de la nature et des paysages, candidat \u00e0 l\u2019\u00e9lection pr\u00e9sidentielle en 1988, il a assum\u00e9 successivement diverses fonctions \u00e9lectives, du local \u00e0 l\u2019Europe. Heurt\u00e9 par l\u2019apparition des a\u00e9rog\u00e9n\u00e9rateurs dans des territoires appr\u00e9ci\u00e9s , il s\u2019interroge d\u00e8s 2002 sur une fili\u00e8re qui ne r\u00e9pond \u00e0 aucun enjeux<\/em>&nbsp;<em>majeurs de ce si\u00e8cle et ne poursuit d\u2019autre finalit\u00e9 que la r\u00e9mun\u00e9ration de ses investisseurs<\/em>. Editions Baudelaire 97 pages 11 euros<\/p>\n\n\n\n<p><strong>La politique est nous : politisons nous<\/strong><\/p>\n\n\n\n<p>Fran\u00e7oise WERCKMANN<\/p>\n\n\n\n<p>Actuellement se fait sentir le besoin d\u2019une nouvelle approche plus d\u00e9mocratique de la politique. Mais pourquoi, comment pour quelle&nbsp;<strong>POLITIQUE ?<\/strong>&nbsp;Une politique \u00e0 construire ensemble. Les citoyens veulent \u00e0 pr\u00e9sent \u00eatre entendus et associ\u00e9s aux prises de d\u00e9cision. Ce livre se donne pour mission de d\u00e9crire finement le fonctionnement politique d\u2019une grande ville. L\u2019objectif est d\u2019inciter les citoyens \u00e0 s\u2019investir avec les politiques et les services de la collectivit\u00e9. Pour d\u00e9crire ensuite les arcanes du pouvoir r\u00e9el exerc\u00e9 par les conseillers municipaux, leurs heurs et malheurs et les relations complexes qu\u2019ils entretiennent entre eux. Des r\u00e9ussites personnelles y sont d\u00e9crites comme de beaux exemples de ce qui est possible pour agir ensemble, \u00e9lus, agents publics et citoyens. Ce livre l\u00e8ve le voile sur le &nbsp;\u00bb vivre ensemble&nbsp;\u00bb des politiques qui m\u00e8nent la ville.<\/p>\n\n\n\n<p><em>Fran\u00e7oise Werckmann militante \u00e9cologiste est docteure en sciences de l\u2019\u00e9ducation, avocate de formation, \u00e9lue \u00e9cologiste 2014-2020 au conseil municipal de Strasbourg o\u00f9 elle fut d\u00e9l\u00e9gu\u00e9e \u00e0 la propret\u00e9 urbaine, au tri et la valorisation des d\u00e9chets aupr\u00e8s des familles et des enfants, \u00e0 la r\u00e9duction de l\u2019usage du plastique notamment dans le domaine de l\u2019alimentation et de la restauration.&nbsp;<\/em>Edition J\u00e9r\u00f4me Do Bentzinger 101 pages 14 euros<\/p>\n\n\n\n<p><\/p>\n","protected":false},"excerpt":{"rendered":"<p>Une Histoire Politique de L\u2019Alimentation du Pal\u00e9olithique \u00e0 nos jours 18 janvier 2025&nbsp;Modifier Par Paul Ari\u00e8s Pr\u00e9sentation de l&rsquo;\u00e9diteur \u00ab\u00a0Pourquoi l&rsquo;alimentations est \u00e0 l&rsquo;origine des bien communs de l&rsquo;humanit\u00e9? Comment les puissants, avec les rituels de la table et les politiques alimentaires, sont parvenus \u00e0 construire l'(in)\u00e9galit\u00e9 des humains&#8230;&#8230; Au-del\u00e0 des histoires sociale, religieuse, culturelle, &hellip; <a href=\"https:\/\/www.strasbourg-ecologie.org\/?page_id=545\" class=\"more-link\">Continuer la lecture de <span class=\"screen-reader-text\">Lectures<\/span>  <span class=\"meta-nav\">&rarr;<\/span><\/a><\/p>\n","protected":false},"author":1,"featured_media":0,"parent":0,"menu_order":0,"comment_status":"closed","ping_status":"closed","template":"","meta":{"footnotes":""},"class_list":["post-545","page","type-page","status-publish","hentry"],"_links":{"self":[{"href":"https:\/\/www.strasbourg-ecologie.org\/index.php?rest_route=\/wp\/v2\/pages\/545","targetHints":{"allow":["GET"]}}],"collection":[{"href":"https:\/\/www.strasbourg-ecologie.org\/index.php?rest_route=\/wp\/v2\/pages"}],"about":[{"href":"https:\/\/www.strasbourg-ecologie.org\/index.php?rest_route=\/wp\/v2\/types\/page"}],"author":[{"embeddable":true,"href":"https:\/\/www.strasbourg-ecologie.org\/index.php?rest_route=\/wp\/v2\/users\/1"}],"replies":[{"embeddable":true,"href":"https:\/\/www.strasbourg-ecologie.org\/index.php?rest_route=%2Fwp%2Fv2%2Fcomments&post=545"}],"version-history":[{"count":7,"href":"https:\/\/www.strasbourg-ecologie.org\/index.php?rest_route=\/wp\/v2\/pages\/545\/revisions"}],"predecessor-version":[{"id":553,"href":"https:\/\/www.strasbourg-ecologie.org\/index.php?rest_route=\/wp\/v2\/pages\/545\/revisions\/553"}],"wp:attachment":[{"href":"https:\/\/www.strasbourg-ecologie.org\/index.php?rest_route=%2Fwp%2Fv2%2Fmedia&parent=545"}],"curies":[{"name":"wp","href":"https:\/\/api.w.org\/{rel}","templated":true}]}}